{"id":40445,"date":"2023-05-30T15:13:58","date_gmt":"2023-05-30T13:13:58","guid":{"rendered":"https:\/\/blog.ferryfinder.com\/comite-de-redaction\/"},"modified":"2023-05-30T15:13:58","modified_gmt":"2023-05-30T13:13:58","slug":"comite-de-redaction","status":"publish","type":"page","link":"https:\/\/blog.ferryfinder.com\/fr\/comite-de-redaction\/","title":{"rendered":"Comit\u00e9 de r\u00e9daction"},"content":{"rendered":"<p>Blog du site Ferryfinder, le moteur de recherche le plus complet et le plus actuel pour pr\u00e9parer vos voyages en train en Italie et dans le monde entier. Gr\u00e2ce au moteur de recherche Ferryfinder.com, vous trouverez toujours, en quelques clics, la solution id\u00e9ale \u00e0 vos besoins au meilleur prix du march\u00e9.<\/p>\n<p>&nbsp;<\/p>\n<p>Redattori :<\/p>\n<p>Capo Redattore<br \/>\nGiuseppe Palma<br \/>\nJournaliste, passionn\u00e9 par les voyages.<\/p>\n<p>Redattore<br \/>\nEmilio Parodi<br \/>\nR\u00e9dacteur web professionnel, passionn\u00e9 de voyages, d&rsquo;internet et de technologie.<\/p>\n<p>R\u00e9vision des textes et de l&rsquo;\u00e9diteur<br \/>\nDanilo Franchi<br \/>\nInformaticien et r\u00e9dacteur web professionnel passionn\u00e9 par les voyages, l&rsquo;internet et la technologie.<\/p>\n","protected":false},"excerpt":{"rendered":"<p>Blog du site Ferryfinder, le moteur de recherche le plus complet et le plus actuel pour pr\u00e9parer vos voyages en train en Italie et dans &#8230; <a title=\"Comit\u00e9 de r\u00e9daction\" class=\"read-more\" href=\"https:\/\/blog.ferryfinder.com\/fr\/comite-de-redaction\/\" aria-label=\"Plus sur Comit\u00e9 de r\u00e9daction\">Lire plus<\/a><\/p>\n","protected":false},"author":6,"featured_media":0,"parent":0,"menu_order":0,"comment_status":"closed","ping_status":"closed","template":"","meta":{"footnotes":""},"class_list":["post-40445","page","type-page","status-publish"],"yoast_head":"<!-- This site is optimized with the Yoast SEO plugin v26.5 - https:\/\/yoast.com\/wordpress\/plugins\/seo\/ -->\n<title>Comit\u00e9 de r\u00e9daction | Blog Ferryfinder.com<\/title>\n<meta name=\"description\" content=\"Comit\u00e9 de r\u00e9daction - Nouvelles des ferries | Blog Ferryfinder.com\" \/>\n<meta name=\"robots\" content=\"index, follow, max-snippet:-1, max-image-preview:large, max-video-preview:-1\" \/>\n<link rel=\"canonical\" href=\"https:\/\/blog.ferryfinder.com\/fr\/comite-de-redaction\/\" \/>\n<meta property=\"og:locale\" content=\"fr_FR\" \/>\n<meta property=\"og:type\" content=\"article\" \/>\n<meta property=\"og:title\" content=\"Comit\u00e9 de r\u00e9daction | Blog Ferryfinder.com\" \/>\n<meta property=\"og:description\" content=\"Comit\u00e9 de r\u00e9daction - Nouvelles des ferries | Blog Ferryfinder.com\" \/>\n<meta property=\"og:url\" content=\"https:\/\/blog.ferryfinder.com\/fr\/comite-de-redaction\/\" \/>\n<meta property=\"og:site_name\" content=\"Blog Ferryfinder.com\" \/>\n<meta name=\"twitter:card\" content=\"summary_large_image\" \/>\n<meta name=\"twitter:label1\" content=\"Dur\u00e9e de lecture estim\u00e9e\" \/>\n\t<meta name=\"twitter:data1\" content=\"1 minute\" \/>\n<script type=\"application\/ld+json\" class=\"yoast-schema-graph\">{\"@context\":\"https:\/\/schema.org\",\"@graph\":[{\"@type\":\"WebPage\",\"@id\":\"https:\/\/blog.ferryfinder.com\/fr\/comite-de-redaction\/\",\"url\":\"https:\/\/blog.ferryfinder.com\/fr\/comite-de-redaction\/\",\"name\":\"Comit\u00e9 de r\u00e9daction | Blog Ferryfinder.com\",\"isPartOf\":{\"@id\":\"https:\/\/blog.ferryfinder.com\/fr\/#website\"},\"datePublished\":\"2023-05-30T13:13:58+00:00\",\"description\":\"Comit\u00e9 de r\u00e9daction - Nouvelles des ferries | Blog Ferryfinder.com\",\"breadcrumb\":{\"@id\":\"https:\/\/blog.ferryfinder.com\/fr\/comite-de-redaction\/#breadcrumb\"},\"inLanguage\":\"fr-FR\",\"potentialAction\":[{\"@type\":\"ReadAction\",\"target\":[\"https:\/\/blog.ferryfinder.com\/fr\/comite-de-redaction\/\"]}]},{\"@type\":\"BreadcrumbList\",\"@id\":\"https:\/\/blog.ferryfinder.com\/fr\/comite-de-redaction\/#breadcrumb\",\"itemListElement\":[{\"@type\":\"ListItem\",\"position\":1,\"name\":\"Home\",\"item\":\"https:\/\/blog.ferryfinder.com\/fr\/\"},{\"@type\":\"ListItem\",\"position\":2,\"name\":\"Comit\u00e9 de r\u00e9daction\"}]},{\"@type\":\"WebSite\",\"@id\":\"https:\/\/blog.ferryfinder.com\/fr\/#website\",\"url\":\"https:\/\/blog.ferryfinder.com\/fr\/\",\"name\":\"Blog - Ferry Finder\",\"description\":\"\",\"publisher\":{\"@id\":\"https:\/\/blog.ferryfinder.com\/fr\/#organization\"},\"potentialAction\":[{\"@type\":\"SearchAction\",\"target\":{\"@type\":\"EntryPoint\",\"urlTemplate\":\"https:\/\/blog.ferryfinder.com\/fr\/?s={search_term_string}\"},\"query-input\":{\"@type\":\"PropertyValueSpecification\",\"valueRequired\":true,\"valueName\":\"search_term_string\"}}],\"inLanguage\":\"fr-FR\"},{\"@type\":\"Organization\",\"@id\":\"https:\/\/blog.ferryfinder.com\/fr\/#organization\",\"name\":\"Blog di Ferry Finder\",\"url\":\"https:\/\/blog.ferryfinder.com\/fr\/\",\"logo\":{\"@type\":\"ImageObject\",\"inLanguage\":\"fr-FR\",\"@id\":\"https:\/\/blog.ferryfinder.com\/fr\/#\/schema\/logo\/image\/\",\"url\":\"https:\/\/blog.ferryfinder.com\/wp-content\/uploads\/2023\/12\/logo.png\",\"contentUrl\":\"https:\/\/blog.ferryfinder.com\/wp-content\/uploads\/2023\/12\/logo.png\",\"width\":400,\"height\":87,\"caption\":\"Blog di Ferry Finder\"},\"image\":{\"@id\":\"https:\/\/blog.ferryfinder.com\/fr\/#\/schema\/logo\/image\/\"}}]}<\/script>\n<!-- \/ Yoast SEO plugin. -->","yoast_head_json":{"title":"Comit\u00e9 de r\u00e9daction | Blog Ferryfinder.com","description":"Comit\u00e9 de r\u00e9daction - Nouvelles des ferries | Blog Ferryfinder.com","robots":{"index":"index","follow":"follow","max-snippet":"max-snippet:-1","max-image-preview":"max-image-preview:large","max-video-preview":"max-video-preview:-1"},"canonical":"https:\/\/blog.ferryfinder.com\/fr\/comite-de-redaction\/","og_locale":"fr_FR","og_type":"article","og_title":"Comit\u00e9 de r\u00e9daction | Blog Ferryfinder.com","og_description":"Comit\u00e9 de r\u00e9daction - Nouvelles des ferries | Blog Ferryfinder.com","og_url":"https:\/\/blog.ferryfinder.com\/fr\/comite-de-redaction\/","og_site_name":"Blog Ferryfinder.com","twitter_card":"summary_large_image","twitter_misc":{"Dur\u00e9e de lecture estim\u00e9e":"1 minute"},"schema":{"@context":"https:\/\/schema.org","@graph":[{"@type":"WebPage","@id":"https:\/\/blog.ferryfinder.com\/fr\/comite-de-redaction\/","url":"https:\/\/blog.ferryfinder.com\/fr\/comite-de-redaction\/","name":"Comit\u00e9 de r\u00e9daction | Blog Ferryfinder.com","isPartOf":{"@id":"https:\/\/blog.ferryfinder.com\/fr\/#website"},"datePublished":"2023-05-30T13:13:58+00:00","description":"Comit\u00e9 de r\u00e9daction - Nouvelles des ferries | Blog Ferryfinder.com","breadcrumb":{"@id":"https:\/\/blog.ferryfinder.com\/fr\/comite-de-redaction\/#breadcrumb"},"inLanguage":"fr-FR","potentialAction":[{"@type":"ReadAction","target":["https:\/\/blog.ferryfinder.com\/fr\/comite-de-redaction\/"]}]},{"@type":"BreadcrumbList","@id":"https:\/\/blog.ferryfinder.com\/fr\/comite-de-redaction\/#breadcrumb","itemListElement":[{"@type":"ListItem","position":1,"name":"Home","item":"https:\/\/blog.ferryfinder.com\/fr\/"},{"@type":"ListItem","position":2,"name":"Comit\u00e9 de r\u00e9daction"}]},{"@type":"WebSite","@id":"https:\/\/blog.ferryfinder.com\/fr\/#website","url":"https:\/\/blog.ferryfinder.com\/fr\/","name":"Blog - Ferry Finder","description":"","publisher":{"@id":"https:\/\/blog.ferryfinder.com\/fr\/#organization"},"potentialAction":[{"@type":"SearchAction","target":{"@type":"EntryPoint","urlTemplate":"https:\/\/blog.ferryfinder.com\/fr\/?s={search_term_string}"},"query-input":{"@type":"PropertyValueSpecification","valueRequired":true,"valueName":"search_term_string"}}],"inLanguage":"fr-FR"},{"@type":"Organization","@id":"https:\/\/blog.ferryfinder.com\/fr\/#organization","name":"Blog di Ferry Finder","url":"https:\/\/blog.ferryfinder.com\/fr\/","logo":{"@type":"ImageObject","inLanguage":"fr-FR","@id":"https:\/\/blog.ferryfinder.com\/fr\/#\/schema\/logo\/image\/","url":"https:\/\/blog.ferryfinder.com\/wp-content\/uploads\/2023\/12\/logo.png","contentUrl":"https:\/\/blog.ferryfinder.com\/wp-content\/uploads\/2023\/12\/logo.png","width":400,"height":87,"caption":"Blog di Ferry Finder"},"image":{"@id":"https:\/\/blog.ferryfinder.com\/fr\/#\/schema\/logo\/image\/"}}]}},"jetpack_sharing_enabled":true,"_links":{"self":[{"href":"https:\/\/blog.ferryfinder.com\/fr\/wp-json\/wp\/v2\/pages\/40445","targetHints":{"allow":["GET"]}}],"collection":[{"href":"https:\/\/blog.ferryfinder.com\/fr\/wp-json\/wp\/v2\/pages"}],"about":[{"href":"https:\/\/blog.ferryfinder.com\/fr\/wp-json\/wp\/v2\/types\/page"}],"author":[{"embeddable":true,"href":"https:\/\/blog.ferryfinder.com\/fr\/wp-json\/wp\/v2\/users\/6"}],"replies":[{"embeddable":true,"href":"https:\/\/blog.ferryfinder.com\/fr\/wp-json\/wp\/v2\/comments?post=40445"}],"version-history":[{"count":0,"href":"https:\/\/blog.ferryfinder.com\/fr\/wp-json\/wp\/v2\/pages\/40445\/revisions"}],"wp:attachment":[{"href":"https:\/\/blog.ferryfinder.com\/fr\/wp-json\/wp\/v2\/media?parent=40445"}],"curies":[{"name":"wp","href":"https:\/\/api.w.org\/{rel}","templated":true}]}}