{"id":3,"date":"2020-01-27T08:22:19","date_gmt":"2020-01-27T08:22:19","guid":{"rendered":"https:\/\/leggimi.eu\/?page_id=3"},"modified":"2024-01-11T11:11:52","modified_gmt":"2024-01-11T10:11:52","slug":"privacy-policy","status":"publish","type":"page","link":"https:\/\/blog.ferryfinder.com\/it\/privacy-policy\/","title":{"rendered":"Privacy Policy"},"content":{"rendered":"\r\n<p>Si descrivono le modalit\u00e0 di gestione del sito in riferimento al trattamento dei dati personali degli utenti che lo consultano.<\/p>\r\n<p>L\u2019informativa \u00e8 resa anche ai sensi dell\u2019art. 13 del D. Lgs 30 giugno 2003 n. 196 \u201cCodice in materia di protezione dei dati personali\u201d a coloro che interagiscono con i servizi online di <strong>Blog.Ferryfinder.com<\/strong>, accessibili per via telematica a partire dall\u2019indirizzo:<\/p>\r\n<p><strong>https:\/\/ blog.ferryfinder.com<\/strong><\/p>\r\n<p>L\u2019informativa \u00e8 resa solo per il sito di\u00a0<strong>Blog.Ferryfinder.com<\/strong>\u00a0e non anche per altri siti web eventualmente consultati dall\u2019utente tramite link.<\/p>\r\n<p><strong>IL \u201cTITOLARE\u201d DEL TRATTAMENTO<\/strong><\/p>\r\n<p>La consultazione di questo sito comporta il rilascio di informazione e dati personali.<\/p>\r\n<p>Il \u201ctitolare\u201d del loro trattamento \u00e8\u00a0<strong>Retail Consulting s.r.l.<\/strong>, che ha sede in Via Erode Attico 50\/M, 00178 Roma RM.<\/p>\r\n<p><strong>LUOGO DI TRATTAMENTO DEI DATI<\/strong><\/p>\r\n<p>I trattamenti connessi ai servizi online di questo sito hanno luogo presso la predetta sede di <strong>Retail Consulting s.r.l.<\/strong>\u00a0e sono curati solo dal personale tecnico incaricato del trattamento, oppure da eventuali incaricati di operazioni di manutenzione.<\/p>\r\n<p><strong>TIPI DI DATI TRATTATI E FINALITA\u2019 DEL TRATTAMENTO<\/strong><\/p>\r\n<p><em><strong>Dati di registrazione<\/strong><\/em><\/p>\r\n<p>Le informazioni richieste in fase di registrazione verranno utilizzate per consentire l\u2019accesso ai servizi online di <strong>Blog.Ferryfinder.com<\/strong>.<\/p>\r\n<p><strong>Blog.Ferryfinder.com<\/strong> per assicurare il corretto svolgimento di tutte le attivit\u00e0 connesse o strumentali potr\u00e0, ove necessario, comunicare i dati personali degli utenti ad altre societ\u00e0 del Gruppo.<\/p>\r\n<p>Inoltre, essendo la registrazione propedeutica per l\u2019accesso ai servizi online, i dati personali dei clienti, effettuata la scelta del servizio e previa ulteriore informativa, verranno trattati per le finalit\u00e0 connesse e\/o funzionali al servizio prescelto.<\/p>\r\n<p>Nel caso i servizi prescelti siano gestiti da terzi, i dati verranno comunicati ai singoli gestori. Questi ultimi operano come \u201ctitolari\u201d per il trattamento connesso all\u2019erogazione dei servizi di propria competenza.<\/p>\r\n<p><em><strong>Dati di navigazione<\/strong><\/em><\/p>\r\n<p>I sistemi informatici e le procedure software preposte al funzionamento di questo sito web acquisiscono, nel corso del loro normale esercizio, alcuni dati personali la cui trasmissione \u00e8 implicita nell\u2019uso dei protocolli di comunicazione di Internet.<\/p>\r\n<p>Si tratta di informazioni che non sono raccolte per essere associate a interessati identificati, ma che per loro stessa natura potrebbero, attraverso elaborazioni ed associazioni con dati detenuti da terzi, permettere di identificare gli utenti.<\/p>\r\n<p>In questa categoria di dati rientrano gli indirizzi IP o i nomi a dominio dei computer utilizzati dagli utenti che si connettono al sito, gli indirizzi in notazione URI (Uniform Resource Identifier) delle risorse richieste, l\u2019orario della richiesta, il metodo utilizzato nel sottoporre la richiesta al server, la dimensione del file ottenuto in risposta, il codice numerico indicante lo stato della risposta data dal server (buon fine, errore, ecc.) ed altri parametri relativi al sistema operativo e all\u2019ambiente informatico dell\u2019utente.<\/p>\r\n<p>Questi dati vengono utilizzati al solo fine di ricavare informazioni statistiche anonime sull\u2019uso del sito e per controllarne il corretto funzionamento e sono conservati per i tempi definiti dalla normativa legale di riferimento. I dati potrebbero essere utilizzati per l\u2019accertamento di responsabilit\u00e0 in caso di ipotetici reati informatici ai danni del sito.<\/p>\r\n<p><strong>COOKIES<\/strong><\/p>\r\n<p>Questo sito web utilizza Google Analytics, un servizio di analisi web fornito da Google, Inc. (\u201cGoogle\u201d), in modalit\u00e0 da rendere anonimo l\u2019indirizzo IP. Google Analytics utilizza dei \u201ccookies\u201d, che sono file di testo che vengono depositati sul Vostro computer per consentire al sito web di analizzare come gli utenti utilizzano il sito. Le informazioni generate dal cookie sull\u2019utilizzo del sito web da parte Vostra (compreso il Vostro indirizzo IP, reso anonimo) verranno trasmesse a, e depositate presso i server di Google negli Stati Uniti. Google utilizzer\u00e0 queste informazioni allo scopo di tracciare e esaminare il Vostro utilizzo del sito web, compilare report sulle attivit\u00e0 del sito web per gli operatori del sito web e fornire altri servizi relativi alle attivit\u00e0 del sito web e all\u2019utilizzo di Internet. Google pu\u00f2 anche trasferire queste informazioni a terzi ove ci\u00f2 sia imposto dalla legge o laddove tali terzi trattino le suddette informazioni per conto di Google. Google non assocer\u00e0 il vostro indirizzo IP a nessun altro dato posseduto da Google. Potete rifiutarvi di usare i cookies selezionando l\u2019impostazione appropriata sul vostro browser, ma ci\u00f2 potrebbe impedirvi di utilizzare tutte le funzionalit\u00e0 di questo sito web. Utilizzando il presente sito web, voi acconsentite al trattamento dei Vostri dati da parte di Google per le modalit\u00e0 e i fini sopraindicati, secondo le policy sui cookie di Google, reperibili nel dettaglio all\u2019indirizzo:<a href=\"https:\/\/developers.google.com\/analytics\/devguides\/collection\/analyticsjs\/cookie-usage\">https:\/\/developers.google.com\/analytics\/devguides\/collection\/analyticsjs\/cookie-usage<\/a>.<\/p>\r\n<p>Questo sito utilizza dei cookie tecnici, che vengono installati automaticamente a seguito dell\u2019accesso al sito, per la normale fruizione del servizio:<br \/><em>Cookie di Sessione necessari alla navigazione<\/em><br \/>Questi cookie hanno la funzione esclusiva di permettere la normale navigazione del sito da parte degli utenti.<\/p>\r\n<p><strong>Cookie di terze parti<\/strong><\/p>\r\n<p>Questo sito utilizza a volte in modo non costante video di Youtube, contenuti dei social Twitter, Facebook, Google+ e in generale in base all\u2019occorrenza contenuti embeddabili di altre piattaforme. I gestori del presente sito non possono controllare i cookie che questi siti di terze parti erogano e per questo \u00e8 consigliato informarsi direttamente presso ogni terza parte per avere maggior controllo su questi cookie. Di seguito alcuni link utili alle policy cookie delle terze parti citate:<\/p>\r\n<ul>\r\n<li>Facebook\u00a0<a href=\"https:\/\/www.facebook.com\/help\/cookies\/\" target=\"_blank\" rel=\"noopener\">https:\/\/www.facebook.com\/help\/cookies\/<\/a><\/li>\r\n<li>Twitter\u00a0<a href=\"https:\/\/twitter.com\/privacy?lang=en\" target=\"_blank\" rel=\"noopener\">https:\/\/twitter.com\/privacy?lang=en<\/a><\/li>\r\n<li>Youtube\u00a0<a href=\"https:\/\/www.google.it\/intl\/it\/policies\/privacy\/\" target=\"_blank\" rel=\"noopener\">https:\/\/www.google.it\/intl\/it\/policies\/privacy\/<\/a><\/li>\r\n<li>Google+\u00a0<a href=\"http:\/\/www.google.com\/policies\/technologies\/types\/\" target=\"_blank\" rel=\"noopener\">http:\/\/www.google.com\/policies\/technologies\/types\/<\/a><\/li>\r\n<li>Google Maps\u00a0<a href=\"https:\/\/www.google.com\/intl\/it_it\/policies\/privacy\/\" target=\"_blank\" rel=\"noopener\">https:\/\/www.google.com\/intl\/it_it\/policies\/privacy\/<\/a><\/li>\r\n<li>Skype\u00a0<a href=\"https:\/\/www.microsoft.com\/privacystatement\/it-it\/skype\/default.aspx\" target=\"_blank\" rel=\"noopener\">https:\/\/www.microsoft.com\/privacystatement\/it-it\/skype\/default.aspx<\/a><\/li>\r\n<li>Instagram\u00a0<a href=\"https:\/\/www.instagram.com\/legal\/cookies\/\" target=\"_blank\" rel=\"noopener\">https:\/\/www.instagram.com\/legal\/cookies\/<\/a><\/li>\r\n<\/ul>\r\n<p><strong>Campi o Form per l\u2019invio di altri dati<\/strong><\/p>\r\n<p>Il sito pu\u00f2 talvolta presentare dei campi o form in cui possono essere digitate informazioni fornite direttamente dall\u2019utente. Se decidi di utilizzarli potremmo richiederti informazioni quali nome, cognome, indirizzo e-mail, indirizzo postale, et\u00e0, numero di telefono, ed altre. In nessun caso vendiano o cediamo a terze parti le tue informazioni personali, e tutti questi dati sono trattati nel rispetto delle norme di legge vigenti.<\/p>\r\n<p><strong>MODALITA\u2019 DEL TRATTAMENTO<\/strong><\/p>\r\n<p>I dati personali verranno trattati per mezzo di strumenti informatico\/telematici e per finalit\u00e0 connesse e\/o strumentali ai servizi online o per la semplice navigazione sul sito, cos\u00ec come stabilito dalla legislazione italiana vigente; in particolare:<\/p>\r\n<ol>\r\n<li>per rendere possibile l\u2019erogazione del servizio;<\/li>\r\n<li>per rendere possibile l\u2019esecuzione degli obblighi legali previsti.<\/li>\r\n<\/ol>\r\n<p>Il trattamento dei dati avverr\u00e0 per mezzo di strumenti e\/o modalit\u00e0 volte ad assicurare la riservatezza e la sicurezza dei dati, nel rispetto di quanto definito negli articoli 33 e seguenti del D. Lgs 30 giugno 2003 n. 196.<\/p>\r\n<p><strong>DIRITTI DEGLI INTERESSATI<\/strong><\/p>\r\n<p>I soggetti cui si riferiscono i dati personali hanno il diritto in qualunque momento di ottenere la conferma dell\u2019esistenza o meno dei medesimi dati e di conoscerne il contenuto e l\u2019origine, verificarne l\u2019esattezza o chiederne l\u2019integrazione o l\u2019aggiornamento, oppure la rettificazione (art. 7 del D. Lgs 30 giugno 2003 n. 196).<\/p>\r\n<p>Ai sensi del medesimo articolo si ha il diritto di chiedere la cancellazione, la trasformazione in forma anonima o il blocco dei dati trattati in violazione di legge, nonch\u00e9 di opporsi in ogni caso, per motivi legittimi, al loro trattamento.<\/p>\r\n<p>Le richieste vanno rivolte al titolare del trattamento presso la sua sede.<\/p>\r\n<p>Il presente documento costituisce la \u201cPrivacy Policy\u201d di questo sito.<\/p>\r\n<p><strong>Art. 7. D.Lgs 196\/03 \u2013 Diritto di accesso ai dati personali ed altri diritti<\/strong><\/p>\r\n<ol>\r\n<li>L\u2019interessato ha diritto di ottenere la conferma dell\u2019esistenza o meno di dati personali che lo riguardano, anche se non ancora registrati, e la loro comunicazione in forma intelligibile.<\/li>\r\n<li>L\u2019interessato ha diritto di ottenere l\u2019indicazione:\r\n<ol>\r\n<li>dell\u2019origine dei dati personali;<\/li>\r\n<li>delle finalit\u00e0 e modalit\u00e0 del trattamento;<\/li>\r\n<li>della logica applicata in caso di trattamento effettuato con l\u2019ausilio di strumenti elettronici;<\/li>\r\n<li>degli estremi identificativi del titolare, dei responsabili e del rappresentante designato ai sensi dell\u2019articolo 5, comma 2;<\/li>\r\n<li>dei soggetti o delle categorie di soggetti ai quali i dati personali possono essere comunicati o che possono venirne a conoscenza in qualit\u00e0 di rappresentante designato nel territorio dello Stato, di responsabili o incaricati.<\/li>\r\n<\/ol>\r\n<\/li>\r\n<li>L\u2019interessato ha diritto di ottenere:\r\n<ol>\r\n<li>l\u2019aggiornamento, la rettificazione ovvero, quando vi ha interesse, l\u2019integrazione dei dati;<\/li>\r\n<li>la cancellazione, la trasformazione in forma anonima o il blocco dei dati trattati in violazione di legge, compresi quelli di cui non \u00e8 necessaria la conservazione in relazione agli scopi per i quali i dati sono stati raccolti o successivamente trattati;<\/li>\r\n<li>l\u2019attestazione che le operazioni di cui alle lettere a) e b) sono state portate a conoscenza, anche per quanto riguarda il loro contenuto, di coloro ai quali i dati sono stati comunicati o diffusi, eccettuato il caso in cui tale adempimento si rivela impossibile o comporta un impiego di mezzi manifestamente sproporzionato rispetto al diritto tutelato.<\/li>\r\n<\/ol>\r\n<\/li>\r\n<li>L\u2019interessato ha diritto di opporsi, in tutto o in parte:\r\n<ol>\r\n<li>per motivi legittimi al trattamento dei dati personali che lo riguardano, ancorch\u00e9 pertinenti allo scopo della raccolta;<\/li>\r\n<li>al trattamento di dati personali che lo riguardano a fini di invio di materiale pubblicitario o di vendita diretta o per il compimento di ricerche di mercato o di comunicazione commerciale.<\/li>\r\n<\/ol>\r\n<\/li>\r\n<\/ol>\r\n","protected":false},"excerpt":{"rendered":"<p>Si descrivono le modalit\u00e0 di gestione del sito in riferimento al trattamento dei dati personali degli utenti che lo consultano. L\u2019informativa \u00e8 resa anche ai &#8230; <a title=\"Privacy Policy\" class=\"read-more\" href=\"https:\/\/blog.ferryfinder.com\/it\/privacy-policy\/\" aria-label=\"More on Privacy Policy\">Leggi tutto<\/a><\/p>\n","protected":false},"author":5,"featured_media":0,"parent":0,"menu_order":0,"comment_status":"closed","ping_status":"open","template":"","meta":{"footnotes":""},"class_list":["post-3","page","type-page","status-publish"],"yoast_head":"<!-- This site is optimized with the Yoast SEO plugin v26.5 - https:\/\/yoast.com\/wordpress\/plugins\/seo\/ -->\n<title>Privacy Policy | Blog Ferryfinder.com<\/title>\n<meta name=\"description\" content=\"Privacy Policy - Ferries News | Blog Ferryfinder.com\" \/>\n<meta name=\"robots\" content=\"index, follow, max-snippet:-1, max-image-preview:large, max-video-preview:-1\" \/>\n<link rel=\"canonical\" href=\"https:\/\/blog.ferryfinder.com\/it\/privacy-policy\/\" \/>\n<meta property=\"og:locale\" content=\"it_IT\" \/>\n<meta property=\"og:type\" content=\"article\" \/>\n<meta property=\"og:title\" content=\"Privacy Policy | Blog Ferryfinder.com\" \/>\n<meta property=\"og:description\" content=\"Privacy Policy - Ferries News | Blog Ferryfinder.com\" \/>\n<meta property=\"og:url\" content=\"https:\/\/blog.ferryfinder.com\/it\/privacy-policy\/\" \/>\n<meta property=\"og:site_name\" content=\"Blog Ferryfinder.com\" \/>\n<meta property=\"article:modified_time\" content=\"2024-01-11T10:11:52+00:00\" \/>\n<meta name=\"twitter:card\" content=\"summary_large_image\" \/>\n<meta name=\"twitter:label1\" content=\"Tempo di lettura stimato\" \/>\n\t<meta name=\"twitter:data1\" content=\"8 minuti\" \/>\n<script type=\"application\/ld+json\" class=\"yoast-schema-graph\">{\"@context\":\"https:\/\/schema.org\",\"@graph\":[{\"@type\":\"WebPage\",\"@id\":\"https:\/\/blog.ferryfinder.com\/it\/privacy-policy\/\",\"url\":\"https:\/\/blog.ferryfinder.com\/it\/privacy-policy\/\",\"name\":\"Privacy Policy | Blog Ferryfinder.com\",\"isPartOf\":{\"@id\":\"https:\/\/blog.ferryfinder.com\/it\/#website\"},\"datePublished\":\"2020-01-27T08:22:19+00:00\",\"dateModified\":\"2024-01-11T10:11:52+00:00\",\"description\":\"Privacy Policy - Ferries News | Blog Ferryfinder.com\",\"breadcrumb\":{\"@id\":\"https:\/\/blog.ferryfinder.com\/it\/privacy-policy\/#breadcrumb\"},\"inLanguage\":\"it-IT\",\"potentialAction\":[{\"@type\":\"ReadAction\",\"target\":[\"https:\/\/blog.ferryfinder.com\/it\/privacy-policy\/\"]}]},{\"@type\":\"BreadcrumbList\",\"@id\":\"https:\/\/blog.ferryfinder.com\/it\/privacy-policy\/#breadcrumb\",\"itemListElement\":[{\"@type\":\"ListItem\",\"position\":1,\"name\":\"Home\",\"item\":\"https:\/\/blog.ferryfinder.com\/it\/\"},{\"@type\":\"ListItem\",\"position\":2,\"name\":\"Privacy Policy\"}]},{\"@type\":\"WebSite\",\"@id\":\"https:\/\/blog.ferryfinder.com\/it\/#website\",\"url\":\"https:\/\/blog.ferryfinder.com\/it\/\",\"name\":\"Blog - Ferry Finder\",\"description\":\"\",\"publisher\":{\"@id\":\"https:\/\/blog.ferryfinder.com\/it\/#organization\"},\"potentialAction\":[{\"@type\":\"SearchAction\",\"target\":{\"@type\":\"EntryPoint\",\"urlTemplate\":\"https:\/\/blog.ferryfinder.com\/it\/?s={search_term_string}\"},\"query-input\":{\"@type\":\"PropertyValueSpecification\",\"valueRequired\":true,\"valueName\":\"search_term_string\"}}],\"inLanguage\":\"it-IT\"},{\"@type\":\"Organization\",\"@id\":\"https:\/\/blog.ferryfinder.com\/it\/#organization\",\"name\":\"Blog di Ferry Finder\",\"url\":\"https:\/\/blog.ferryfinder.com\/it\/\",\"logo\":{\"@type\":\"ImageObject\",\"inLanguage\":\"it-IT\",\"@id\":\"https:\/\/blog.ferryfinder.com\/it\/#\/schema\/logo\/image\/\",\"url\":\"https:\/\/blog.ferryfinder.com\/wp-content\/uploads\/2023\/12\/logo.png\",\"contentUrl\":\"https:\/\/blog.ferryfinder.com\/wp-content\/uploads\/2023\/12\/logo.png\",\"width\":400,\"height\":87,\"caption\":\"Blog di Ferry Finder\"},\"image\":{\"@id\":\"https:\/\/blog.ferryfinder.com\/it\/#\/schema\/logo\/image\/\"}}]}<\/script>\n<!-- \/ Yoast SEO plugin. -->","yoast_head_json":{"title":"Privacy Policy | Blog Ferryfinder.com","description":"Privacy Policy - Ferries News | Blog Ferryfinder.com","robots":{"index":"index","follow":"follow","max-snippet":"max-snippet:-1","max-image-preview":"max-image-preview:large","max-video-preview":"max-video-preview:-1"},"canonical":"https:\/\/blog.ferryfinder.com\/it\/privacy-policy\/","og_locale":"it_IT","og_type":"article","og_title":"Privacy Policy | Blog Ferryfinder.com","og_description":"Privacy Policy - Ferries News | Blog Ferryfinder.com","og_url":"https:\/\/blog.ferryfinder.com\/it\/privacy-policy\/","og_site_name":"Blog Ferryfinder.com","article_modified_time":"2024-01-11T10:11:52+00:00","twitter_card":"summary_large_image","twitter_misc":{"Tempo di lettura stimato":"8 minuti"},"schema":{"@context":"https:\/\/schema.org","@graph":[{"@type":"WebPage","@id":"https:\/\/blog.ferryfinder.com\/it\/privacy-policy\/","url":"https:\/\/blog.ferryfinder.com\/it\/privacy-policy\/","name":"Privacy Policy | Blog Ferryfinder.com","isPartOf":{"@id":"https:\/\/blog.ferryfinder.com\/it\/#website"},"datePublished":"2020-01-27T08:22:19+00:00","dateModified":"2024-01-11T10:11:52+00:00","description":"Privacy Policy - Ferries News | Blog Ferryfinder.com","breadcrumb":{"@id":"https:\/\/blog.ferryfinder.com\/it\/privacy-policy\/#breadcrumb"},"inLanguage":"it-IT","potentialAction":[{"@type":"ReadAction","target":["https:\/\/blog.ferryfinder.com\/it\/privacy-policy\/"]}]},{"@type":"BreadcrumbList","@id":"https:\/\/blog.ferryfinder.com\/it\/privacy-policy\/#breadcrumb","itemListElement":[{"@type":"ListItem","position":1,"name":"Home","item":"https:\/\/blog.ferryfinder.com\/it\/"},{"@type":"ListItem","position":2,"name":"Privacy Policy"}]},{"@type":"WebSite","@id":"https:\/\/blog.ferryfinder.com\/it\/#website","url":"https:\/\/blog.ferryfinder.com\/it\/","name":"Blog - Ferry Finder","description":"","publisher":{"@id":"https:\/\/blog.ferryfinder.com\/it\/#organization"},"potentialAction":[{"@type":"SearchAction","target":{"@type":"EntryPoint","urlTemplate":"https:\/\/blog.ferryfinder.com\/it\/?s={search_term_string}"},"query-input":{"@type":"PropertyValueSpecification","valueRequired":true,"valueName":"search_term_string"}}],"inLanguage":"it-IT"},{"@type":"Organization","@id":"https:\/\/blog.ferryfinder.com\/it\/#organization","name":"Blog di Ferry Finder","url":"https:\/\/blog.ferryfinder.com\/it\/","logo":{"@type":"ImageObject","inLanguage":"it-IT","@id":"https:\/\/blog.ferryfinder.com\/it\/#\/schema\/logo\/image\/","url":"https:\/\/blog.ferryfinder.com\/wp-content\/uploads\/2023\/12\/logo.png","contentUrl":"https:\/\/blog.ferryfinder.com\/wp-content\/uploads\/2023\/12\/logo.png","width":400,"height":87,"caption":"Blog di Ferry Finder"},"image":{"@id":"https:\/\/blog.ferryfinder.com\/it\/#\/schema\/logo\/image\/"}}]}},"jetpack_sharing_enabled":true,"_links":{"self":[{"href":"https:\/\/blog.ferryfinder.com\/it\/wp-json\/wp\/v2\/pages\/3","targetHints":{"allow":["GET"]}}],"collection":[{"href":"https:\/\/blog.ferryfinder.com\/it\/wp-json\/wp\/v2\/pages"}],"about":[{"href":"https:\/\/blog.ferryfinder.com\/it\/wp-json\/wp\/v2\/types\/page"}],"author":[{"embeddable":true,"href":"https:\/\/blog.ferryfinder.com\/it\/wp-json\/wp\/v2\/users\/5"}],"replies":[{"embeddable":true,"href":"https:\/\/blog.ferryfinder.com\/it\/wp-json\/wp\/v2\/comments?post=3"}],"version-history":[{"count":0,"href":"https:\/\/blog.ferryfinder.com\/it\/wp-json\/wp\/v2\/pages\/3\/revisions"}],"wp:attachment":[{"href":"https:\/\/blog.ferryfinder.com\/it\/wp-json\/wp\/v2\/media?parent=3"}],"curies":[{"name":"wp","href":"https:\/\/api.w.org\/{rel}","templated":true}]}}